{"id":11641,"date":"2025-06-16T11:13:29","date_gmt":"2025-06-16T14:13:29","guid":{"rendered":"https:\/\/www.adeom.org.uy\/sitio\/?page_id=11641"},"modified":"2025-06-16T11:32:28","modified_gmt":"2025-06-16T14:32:28","slug":"comision-electoral","status":"publish","type":"page","link":"https:\/\/www.adeom.org.uy\/sitio\/comision-electoral\/","title":{"rendered":"Comisi\u00f3n Electoral"},"content":{"rendered":"\n<div class=\"wp-block-columns is-layout-flex wp-container-core-columns-is-layout-28f84493 wp-block-columns-is-layout-flex\">\n<div class=\"wp-block-column is-layout-flow wp-block-column-is-layout-flow\"><div class=\"wp-block-image\">\n<figure class=\"aligncenter size-full\"><a href=\"https:\/\/www.adeom.org.uy\/sitio\/wp-content\/uploads\/2025\/06\/Alice-Fernandez.jpg\"><img fetchpriority=\"high\" decoding=\"async\" width=\"400\" height=\"400\" src=\"https:\/\/www.adeom.org.uy\/sitio\/wp-content\/uploads\/2025\/06\/Alice-Fernandez.jpg\" alt=\"\" class=\"wp-image-11652\" srcset=\"https:\/\/www.adeom.org.uy\/sitio\/wp-content\/uploads\/2025\/06\/Alice-Fernandez.jpg 400w, https:\/\/www.adeom.org.uy\/sitio\/wp-content\/uploads\/2025\/06\/Alice-Fernandez-300x300.jpg 300w, https:\/\/www.adeom.org.uy\/sitio\/wp-content\/uploads\/2025\/06\/Alice-Fernandez-150x150.jpg 150w\" sizes=\"(max-width: 400px) 100vw, 400px\" \/><\/a><figcaption class=\"wp-element-caption\">Alice Fern\u00e1ndez<\/figcaption><\/figure>\n<\/div><\/div>\n\n\n\n<div class=\"wp-block-column is-layout-flow wp-block-column-is-layout-flow\"><div class=\"wp-block-image\">\n<figure class=\"aligncenter size-full\"><a href=\"https:\/\/www.adeom.org.uy\/sitio\/wp-content\/uploads\/2025\/06\/Iris-Fernandez.jpg\"><img decoding=\"async\" width=\"400\" height=\"400\" src=\"https:\/\/www.adeom.org.uy\/sitio\/wp-content\/uploads\/2025\/06\/Iris-Fernandez.jpg\" alt=\"\" class=\"wp-image-11653\" srcset=\"https:\/\/www.adeom.org.uy\/sitio\/wp-content\/uploads\/2025\/06\/Iris-Fernandez.jpg 400w, https:\/\/www.adeom.org.uy\/sitio\/wp-content\/uploads\/2025\/06\/Iris-Fernandez-300x300.jpg 300w, https:\/\/www.adeom.org.uy\/sitio\/wp-content\/uploads\/2025\/06\/Iris-Fernandez-150x150.jpg 150w\" sizes=\"(max-width: 400px) 100vw, 400px\" \/><\/a><figcaption class=\"wp-element-caption\">Iris Fern\u00e1ndez<\/figcaption><\/figure>\n<\/div><\/div>\n\n\n\n<div class=\"wp-block-column is-layout-flow wp-block-column-is-layout-flow\"><div class=\"wp-block-image\">\n<figure class=\"aligncenter size-full\"><a href=\"https:\/\/www.adeom.org.uy\/sitio\/wp-content\/uploads\/2025\/06\/Silueta-Femenina.jpg\"><img decoding=\"async\" width=\"400\" height=\"400\" src=\"https:\/\/www.adeom.org.uy\/sitio\/wp-content\/uploads\/2025\/06\/Silueta-Femenina.jpg\" alt=\"\" class=\"wp-image-11648\" srcset=\"https:\/\/www.adeom.org.uy\/sitio\/wp-content\/uploads\/2025\/06\/Silueta-Femenina.jpg 400w, https:\/\/www.adeom.org.uy\/sitio\/wp-content\/uploads\/2025\/06\/Silueta-Femenina-300x300.jpg 300w, https:\/\/www.adeom.org.uy\/sitio\/wp-content\/uploads\/2025\/06\/Silueta-Femenina-150x150.jpg 150w\" sizes=\"(max-width: 400px) 100vw, 400px\" \/><\/a><figcaption class=\"wp-element-caption\">Mariana Centuri\u00f3n<\/figcaption><\/figure>\n<\/div><\/div>\n<\/div>\n\n\n\n<div class=\"wp-block-columns is-layout-flex wp-container-core-columns-is-layout-28f84493 wp-block-columns-is-layout-flex\">\n<div class=\"wp-block-column is-layout-flow wp-block-column-is-layout-flow\"><div class=\"wp-block-image\">\n<figure class=\"aligncenter size-full\"><a href=\"https:\/\/www.adeom.org.uy\/sitio\/wp-content\/uploads\/2025\/06\/Silueta-Femenina.jpg\"><img decoding=\"async\" width=\"400\" height=\"400\" src=\"https:\/\/www.adeom.org.uy\/sitio\/wp-content\/uploads\/2025\/06\/Silueta-Femenina.jpg\" alt=\"\" class=\"wp-image-11648\" srcset=\"https:\/\/www.adeom.org.uy\/sitio\/wp-content\/uploads\/2025\/06\/Silueta-Femenina.jpg 400w, https:\/\/www.adeom.org.uy\/sitio\/wp-content\/uploads\/2025\/06\/Silueta-Femenina-300x300.jpg 300w, https:\/\/www.adeom.org.uy\/sitio\/wp-content\/uploads\/2025\/06\/Silueta-Femenina-150x150.jpg 150w\" sizes=\"(max-width: 400px) 100vw, 400px\" \/><\/a><figcaption class=\"wp-element-caption\">Veronica de Bittencourt<\/figcaption><\/figure>\n<\/div><\/div>\n\n\n\n<div class=\"wp-block-column is-layout-flow wp-block-column-is-layout-flow\"><div class=\"wp-block-image\">\n<figure class=\"aligncenter size-full\"><a href=\"https:\/\/www.adeom.org.uy\/sitio\/wp-content\/uploads\/2025\/06\/Silueta-Femenina.jpg\"><img decoding=\"async\" width=\"400\" height=\"400\" src=\"https:\/\/www.adeom.org.uy\/sitio\/wp-content\/uploads\/2025\/06\/Silueta-Femenina.jpg\" alt=\"\" class=\"wp-image-11648\" srcset=\"https:\/\/www.adeom.org.uy\/sitio\/wp-content\/uploads\/2025\/06\/Silueta-Femenina.jpg 400w, https:\/\/www.adeom.org.uy\/sitio\/wp-content\/uploads\/2025\/06\/Silueta-Femenina-300x300.jpg 300w, https:\/\/www.adeom.org.uy\/sitio\/wp-content\/uploads\/2025\/06\/Silueta-Femenina-150x150.jpg 150w\" sizes=\"(max-width: 400px) 100vw, 400px\" \/><\/a><figcaption class=\"wp-element-caption\">Elsa Diaz<\/figcaption><\/figure>\n<\/div><\/div>\n\n\n\n<div class=\"wp-block-column is-layout-flow wp-block-column-is-layout-flow\"><\/div>\n<\/div>\n","protected":false},"excerpt":{"rendered":"Alice Fern\u00e1ndez Iris Fern\u00e1ndez Mariana Centuri\u00f3n Veronica de Bittencourt Elsa Diaz","protected":false},"author":1,"featured_media":0,"parent":0,"menu_order":0,"comment_status":"closed","ping_status":"closed","template":"","meta":{"_acf_changed":false,"_monsterinsights_skip_tracking":false,"_monsterinsights_sitenote_active":false,"_monsterinsights_sitenote_note":"","_monsterinsights_sitenote_category":0,"footnotes":""},"class_list":["post-11641","page","type-page","status-publish","hentry"],"acf":[],"_links":{"self":[{"href":"https:\/\/www.adeom.org.uy\/sitio\/wp-json\/wp\/v2\/pages\/11641","targetHints":{"allow":["GET"]}}],"collection":[{"href":"https:\/\/www.adeom.org.uy\/sitio\/wp-json\/wp\/v2\/pages"}],"about":[{"href":"https:\/\/www.adeom.org.uy\/sitio\/wp-json\/wp\/v2\/types\/page"}],"author":[{"embeddable":true,"href":"https:\/\/www.adeom.org.uy\/sitio\/wp-json\/wp\/v2\/users\/1"}],"replies":[{"embeddable":true,"href":"https:\/\/www.adeom.org.uy\/sitio\/wp-json\/wp\/v2\/comments?post=11641"}],"version-history":[{"count":2,"href":"https:\/\/www.adeom.org.uy\/sitio\/wp-json\/wp\/v2\/pages\/11641\/revisions"}],"predecessor-version":[{"id":11654,"href":"https:\/\/www.adeom.org.uy\/sitio\/wp-json\/wp\/v2\/pages\/11641\/revisions\/11654"}],"wp:attachment":[{"href":"https:\/\/www.adeom.org.uy\/sitio\/wp-json\/wp\/v2\/media?parent=11641"}],"curies":[{"name":"wp","href":"https:\/\/api.w.org\/{rel}","templated":true}]}}